{"id":236,"date":"2025-08-25T14:28:06","date_gmt":"2025-08-25T13:28:06","guid":{"rendered":"https:\/\/alessandramonaco.com\/?page_id=236"},"modified":"2026-03-01T20:52:37","modified_gmt":"2026-03-01T19:52:37","slug":"home","status":"publish","type":"page","link":"https:\/\/alessandramonaco.com\/en\/","title":{"rendered":"Home"},"content":{"rendered":"<p>[et_pb_section fb_built=&#8221;1&#8243; _builder_version=&#8221;4.27.6&#8243; custom_padding=&#8221;202px||2px|||&#8221; collapsed=&#8221;off&#8221; global_colors_info=&#8221;{}&#8221;][et_pb_row _builder_version=&#8221;4.27.6&#8243; background_size=&#8221;initial&#8221; background_position=&#8221;top_left&#8221; background_repeat=&#8221;repeat&#8221; min_height=&#8221;286px&#8221; custom_margin=&#8221;-230px|auto|6px|auto||&#8221; custom_padding=&#8221;||30px|||&#8221; global_colors_info=&#8221;{}&#8221;][et_pb_column type=&#8221;4_4&#8243; _builder_version=&#8221;4.16&#8243; custom_padding=&#8221;|||&#8221; global_colors_info=&#8221;{}&#8221; custom_padding__hover=&#8221;|||&#8221;][et_pb_image src=&#8221;https:\/\/alessandramonaco.com\/wp-content\/uploads\/2026\/02\/image.png&#8221; title_text=&#8221;image&#8221; align=&#8221;center&#8221; force_fullwidth=&#8221;on&#8221; _builder_version=&#8221;4.27.6&#8243; _module_preset=&#8221;default&#8221; global_colors_info=&#8221;{}&#8221;][\/et_pb_image][et_pb_text content_tablet=&#8221;<\/p>\n<p style=%22text-align: center;%22>Trasformiamo la sostenibilit\u00e0 in tratto distintivo e valore duraturo<\/p>\n<p>&#8221; content_phone=&#8221;<\/p>\n<p style=%22text-align: center;%22>Trasformiamo la sostenibilit\u00e0 in tratto distintivo e valore duraturo<\/p>\n<p>&#8221; content_last_edited=&#8221;on|desktop&#8221; _builder_version=&#8221;4.27.6&#8243; _module_preset=&#8221;default&#8221; text_font=&#8221;&#8211;et_global_heading_font||on||||||&#8221; text_font_size=&#8221;30px&#8221; text_orientation=&#8221;center&#8221; global_colors_info=&#8221;{}&#8221;]<\/p>\n<p style=\"text-align: center;\">Trasformiamo la sostenibilit\u00e0 in tratto distintivo e valore duraturo<\/p>\n<p>[\/et_pb_text][\/et_pb_column][\/et_pb_row][et_pb_row _builder_version=&#8221;4.27.6&#8243; _module_preset=&#8221;default&#8221; min_height=&#8221;471.1px&#8221; global_colors_info=&#8221;{}&#8221;][et_pb_column type=&#8221;4_4&#8243; _builder_version=&#8221;4.27.6&#8243; _module_preset=&#8221;default&#8221; global_colors_info=&#8221;{}&#8221;][et_pb_divider _builder_version=&#8221;4.27.6&#8243; _module_preset=&#8221;default&#8221; min_height=&#8221;3px&#8221; custom_margin=&#8221;-31px|||||&#8221; custom_padding=&#8221;||17px|||&#8221; global_colors_info=&#8221;{}&#8221;][\/et_pb_divider][et_pb_text _builder_version=&#8221;4.27.6&#8243; _module_preset=&#8221;default&#8221; custom_margin=&#8221;-60px|||||&#8221; global_colors_info=&#8221;{}&#8221;]<\/p>\n<p><b>FARE IMPRESA PER GENERARE VALORE CONDIVISO<\/b><b><\/b><\/p>\n<p>Fare impresa oggi significa riconoscere che il successo duraturo nasce dall\u2019integrazione dei fattori economici, sociali e ambientali, e superare un modello tradizionale focalizzato solo sulla performance a breve termine, ormai inadeguato al contesto globale.<br \/>Creare valore condiviso \u00e8 la chiave per costruire imprese sostenibili, competitive e capaci di innovare, rispondendo in modo responsabile e anti-fragile alle sfide globali e locali.<\/p>\n<p><strong>OGNI ORGANIZZAZIONE HA IL POTERE DI FARE LA DIFFERENZA<\/strong><\/p>\n<p>Nel contesto mutevole e incerto in cui oggi ci troviamo ad operare, non basta reagire: serve <strong>progettare con coraggio<\/strong> un futuro diverso, gettando radici solide e immaginando strade nuove per crescita e impatto positivo.<\/p>\n<p><b>Se anche tu desideri essere il motore del cambiamento, scopri come intraprendere un percorso di crescita sostenibile che unisca la prosperit\u00e0 economica della tua impresa alle responsabilit\u00e0 ambientale e sociale.<\/b><\/p>\n<p>[\/et_pb_text][et_pb_button button_url=&#8221;@ET-DC@eyJkeW5hbWljIjp0cnVlLCJjb250ZW50IjoicG9zdF9saW5rX3VybF9wYWdlIiwic2V0dGluZ3MiOnsicG9zdF9pZCI6IjE0In19@&#8221; url_new_window=&#8221;on&#8221; button_text=&#8221;CONTATTACI&#8221; _builder_version=&#8221;4.27.6&#8243; _dynamic_attributes=&#8221;button_url&#8221; _module_preset=&#8221;default&#8221; custom_padding=&#8221;0px|||||&#8221; global_colors_info=&#8221;{}&#8221;][\/et_pb_button][\/et_pb_column][\/et_pb_row][et_pb_row column_structure=&#8221;2_5,3_5&#8243; _builder_version=&#8221;4.27.6&#8243; _module_preset=&#8221;default&#8221; min_height=&#8221;310.4px&#8221; custom_margin=&#8221;|auto|-23px|auto||&#8221; custom_padding=&#8221;||2px|||&#8221; global_colors_info=&#8221;{}&#8221;][et_pb_column type=&#8221;2_5&#8243; _builder_version=&#8221;4.27.6&#8243; _module_preset=&#8221;default&#8221; global_colors_info=&#8221;{}&#8221;][et_pb_image src=&#8221;https:\/\/alessandramonaco.com\/wp-content\/uploads\/2025\/12\/image-1.png&#8221; title_text=&#8221;image&#8221; _builder_version=&#8221;4.27.6&#8243; _module_preset=&#8221;default&#8221; custom_padding=&#8221;|2px||||&#8221; global_colors_info=&#8221;{}&#8221;][\/et_pb_image][\/et_pb_column][et_pb_column type=&#8221;3_5&#8243; _builder_version=&#8221;4.27.6&#8243; _module_preset=&#8221;default&#8221; global_colors_info=&#8221;{}&#8221;][et_pb_text _builder_version=&#8221;4.27.6&#8243; _module_preset=&#8221;default&#8221; global_colors_info=&#8221;{}&#8221;]<\/p>\n<p><b style=\"font-size: 18px;\">CHI SIAMO<\/b><\/p>\n<p><b><\/b><b><\/b><b><\/b>La nostra boutique di consulenza indipendente porta <strong>concretezza, competitivit\u00e0, crescita<\/strong> nelle aziende attraverso la sostenibilit\u00e0.<\/p>\n<p><b><\/b><\/p>\n<p>Ci contraddistingue un approccio esclusivo all&#8217;accompagnamento dei nostri clienti: non siamo un semplice consulente esterno, ma un <strong>partner strategico capace di offrire alleanza, ascolto attento e impegno condiviso<\/strong>.<\/p>\n<p>[\/et_pb_text][et_pb_button button_url=&#8221;@ET-DC@eyJkeW5hbWljIjp0cnVlLCJjb250ZW50IjoicG9zdF9saW5rX3VybF9wYWdlIiwic2V0dGluZ3MiOnsicG9zdF9pZCI6IjEyIn19@&#8221; button_text=&#8221;SCOPRI LA NOSTRA STORIA&#8221; _builder_version=&#8221;4.27.6&#8243; _dynamic_attributes=&#8221;button_url&#8221; _module_preset=&#8221;default&#8221; global_colors_info=&#8221;{}&#8221;][\/et_pb_button][\/et_pb_column][\/et_pb_row][et_pb_row column_structure=&#8221;2_5,3_5&#8243; _builder_version=&#8221;4.27.6&#8243; _module_preset=&#8221;default&#8221; min_height=&#8221;451.4px&#8221; custom_padding=&#8221;60px|||||&#8221; global_colors_info=&#8221;{}&#8221;][et_pb_column type=&#8221;2_5&#8243; _builder_version=&#8221;4.27.6&#8243; _module_preset=&#8221;default&#8221; global_colors_info=&#8221;{}&#8221;][et_pb_image src=&#8221;https:\/\/alessandramonaco.com\/wp-content\/uploads\/2026\/03\/If-you-dont-learn-constantly-you-dont-grow-and-you-will-wither.-Too-many-people-wither-on-the-vine.-Sure-it-gets-a-little-harder-as-you-get-older-but-new-experiences-and-new-challenges-keep-3.png&#8221; alt=&#8221;Lej Nair, Engiadina&#8221; title_text=&#8221;If you don\u2019t learn constantly, you don\u2019t grow, and you will wither. Too many people wither on the vine. Sure, it gets a little harder as you get older, but new experiences and new challenges keep -3&#8243; _builder_version=&#8221;4.27.6&#8243; _module_preset=&#8221;default&#8221; global_colors_info=&#8221;{}&#8221;][\/et_pb_image][\/et_pb_column][et_pb_column type=&#8221;3_5&#8243; _builder_version=&#8221;4.27.6&#8243; _module_preset=&#8221;default&#8221; global_colors_info=&#8221;{}&#8221;][et_pb_text _builder_version=&#8221;4.27.6&#8243; _module_preset=&#8221;default&#8221; custom_margin=&#8221;||4px|||&#8221; global_colors_info=&#8221;{}&#8221;]<\/p>\n<p><b style=\"font-size: 18px;\">A CHI CI RIVOLGIAMO<\/b><\/p>\n<p><b style=\"font-size: 18px;\"><\/b>La nostra attenzione si rivolge a tutte quelle organizzazioni che, nell&#8217;attuale contesto di profondo cambiamento e incertezza, desiderano <strong>agire con visione per affrontare sfide locali e globali<\/strong> e:<strong><\/strong><\/p>\n<p><strong><\/strong><\/p>\n<ul>\n<li><span style=\"font-size: 18px;\">Rafforzare la reputazione e il posizionamento<\/span><\/li>\n<li><span style=\"font-size: 18px;\">Accrescere competitivit\u00e0 e innovazione<\/span><\/li>\n<li><span style=\"font-size: 18px;\">Ridurre i costi e i rischi<\/span><\/li>\n<li>Trasformare gli obblighi in opportunit\u00e0<\/li>\n<li>Garantire continuit\u00e0 e anti-fragilit\u00e0<\/li>\n<\/ul>\n<p>[\/et_pb_text][et_pb_button button_url=&#8221;@ET-DC@eyJkeW5hbWljIjp0cnVlLCJjb250ZW50IjoicG9zdF9saW5rX3VybF9wYWdlIiwic2V0dGluZ3MiOnsicG9zdF9pZCI6IjcyOCJ9fQ==@&#8221; button_text=&#8221;I NOSTRI CLIENTI&#8221; _builder_version=&#8221;4.27.6&#8243; _dynamic_attributes=&#8221;button_url&#8221; _module_preset=&#8221;default&#8221; hover_enabled=&#8221;0&#8243; global_colors_info=&#8221;{}&#8221; sticky_enabled=&#8221;0&#8243;][\/et_pb_button][\/et_pb_column][\/et_pb_row][et_pb_row column_structure=&#8221;2_5,3_5&#8243; _builder_version=&#8221;4.27.6&#8243; _module_preset=&#8221;default&#8221; custom_padding=&#8221;3px||3px||true|&#8221; global_colors_info=&#8221;{}&#8221;][et_pb_column type=&#8221;2_5&#8243; _builder_version=&#8221;4.27.6&#8243; _module_preset=&#8221;default&#8221; global_colors_info=&#8221;{}&#8221;][et_pb_image src=&#8221;https:\/\/alessandramonaco.com\/wp-content\/uploads\/2025\/12\/image.png&#8221; title_text=&#8221;image&#8221; _builder_version=&#8221;4.27.6&#8243; _module_preset=&#8221;default&#8221; global_colors_info=&#8221;{}&#8221;][\/et_pb_image][\/et_pb_column][et_pb_column type=&#8221;3_5&#8243; _builder_version=&#8221;4.27.6&#8243; _module_preset=&#8221;default&#8221; global_colors_info=&#8221;{}&#8221;][et_pb_text _builder_version=&#8221;4.27.6&#8243; _module_preset=&#8221;default&#8221; custom_margin=&#8221;2px||4px|||&#8221; custom_padding=&#8221;0px|||||&#8221; global_colors_info=&#8221;{}&#8221;]<\/p>\n<p><strong style=\"font-size: 18px;\">C<\/strong><b style=\"font-size: 18px;\">OSA FACCIAMO<\/b><strong><\/strong><strong><\/strong><\/p>\n<p>Accompagniamo i nostri clienti verso un&#8217;evoluzione sostenibile attraverso un&#8217;ampia gamma di <strong>servizi strategici e operativi<\/strong>:<\/p>\n<p>&nbsp;<\/p>\n<ul>\n<li>Consulenza strategica<\/li>\n<li>Analisi ESG<\/li>\n<li>Rendicontazione<\/li>\n<li>Formazione<\/li>\n<li>Temporary &amp; Fractional Management<\/li>\n<li>Certificazioni<\/li>\n<\/ul>\n<p>[\/et_pb_text][et_pb_button button_url=&#8221;@ET-DC@eyJkeW5hbWljIjp0cnVlLCJjb250ZW50IjoicG9zdF9saW5rX3VybF9wYWdlIiwic2V0dGluZ3MiOnsicG9zdF9pZCI6IjEzIn19@&#8221; button_text=&#8221;SFOGLIA I NOSTRI SERVIZI&#8221; _builder_version=&#8221;4.27.6&#8243; _dynamic_attributes=&#8221;button_url&#8221; _module_preset=&#8221;default&#8221; global_colors_info=&#8221;{}&#8221;][\/et_pb_button][\/et_pb_column][\/et_pb_row][et_pb_row column_structure=&#8221;2_5,3_5&#8243; _builder_version=&#8221;4.27.6&#8243; _module_preset=&#8221;default&#8221; custom_margin=&#8221;-43px|auto||auto||&#8221; custom_padding=&#8221;64px|||||&#8221; global_colors_info=&#8221;{}&#8221;][et_pb_column type=&#8221;2_5&#8243; _builder_version=&#8221;4.27.6&#8243; _module_preset=&#8221;default&#8221; global_colors_info=&#8221;{}&#8221;][et_pb_image src=&#8221;https:\/\/alessandramonaco.com\/wp-content\/uploads\/2025\/09\/31-1-scaled.png&#8221; title_text=&#8221;31&#8243; _builder_version=&#8221;4.27.6&#8243; _module_preset=&#8221;default&#8221; global_colors_info=&#8221;{}&#8221;][\/et_pb_image][\/et_pb_column][et_pb_column type=&#8221;3_5&#8243; _builder_version=&#8221;4.27.6&#8243; _module_preset=&#8221;default&#8221; global_colors_info=&#8221;{}&#8221;][et_pb_text _builder_version=&#8221;4.27.6&#8243; _module_preset=&#8221;default&#8221; custom_margin=&#8221;||-1px|||&#8221; global_colors_info=&#8221;{}&#8221;]<\/p>\n<p><b style=\"font-size: 18px;\">PERCH\u00c8 SCEGLIERE LA SOSTENIBILIT\u00c0?<\/b><br \/><b><\/b><\/p>\n<p><b><\/b>In un mondo che cambia velocemente e chiede responsabilit\u00e0 e visione, la sostenibilit\u00e0 non pu\u00f2 pi\u00f9 essere considerata un&#8217;opzione: \u00e8 piuttosto <strong>un percorso di eccellenza<\/strong> per le aziende che desiderano distinguersi e prosperare, senza compromessi etici.<\/p>\n<p>Integrare la sostenibilit\u00e0 significa godere di vantaggi concreti in un mercato sempre pi\u00f9 attento e selettivo.<b><\/b><\/p>\n<p><b><\/b><\/p>\n<p>[\/et_pb_text][et_pb_button button_url=&#8221;@ET-DC@eyJkeW5hbWljIjp0cnVlLCJjb250ZW50IjoicG9zdF9saW5rX3VybF9wYWdlIiwic2V0dGluZ3MiOnsicG9zdF9pZCI6IjEyOCJ9fQ==@&#8221; button_text=&#8221;SCOPRI I VANTAGGI&#8221; _builder_version=&#8221;4.27.6&#8243; _dynamic_attributes=&#8221;button_url&#8221; _module_preset=&#8221;default&#8221; global_colors_info=&#8221;{}&#8221;][\/et_pb_button][\/et_pb_column][\/et_pb_row][\/et_pb_section][et_pb_section fb_built=&#8221;1&#8243; _builder_version=&#8221;4.27.6&#8243; _module_preset=&#8221;default&#8221; global_colors_info=&#8221;{}&#8221;][et_pb_row _builder_version=&#8221;4.27.6&#8243; _module_preset=&#8221;default&#8221; global_colors_info=&#8221;{}&#8221;][et_pb_column type=&#8221;4_4&#8243; _builder_version=&#8221;4.27.6&#8243; _module_preset=&#8221;default&#8221; global_colors_info=&#8221;{}&#8221;][et_pb_text _builder_version=&#8221;4.27.6&#8243; _module_preset=&#8221;default&#8221; global_colors_info=&#8221;{}&#8221;]<\/p>\n<blockquote>\n<h1><em><strong>&#8220;Un\u2019economia che prospera deve mettere al centro <\/strong><strong>i confini planetari e la giustizia sociale, creando uno spazio sicuro e giusto <\/strong><strong>in cui l\u2019umanit\u00e0 possa vivere e prosperare.&#8221;<\/strong><\/em><\/h1>\n<p style=\"text-align: right;\"><cite><br \/>Kate Roworth<br \/>(<em>Doughnut Economics: Seven Ways to Think Like a 21st-Century Economist<\/em>)<\/cite><\/p>\n<\/blockquote>\n<p>[\/et_pb_text][\/et_pb_column][\/et_pb_row][\/et_pb_section]<\/p>\n","protected":false},"excerpt":{"rendered":"<p>Trasformiamo la sostenibilit\u00e0 in tratto distintivo e valore duraturoFARE IMPRESA PER GENERARE VALORE CONDIVISO Fare impresa oggi significa riconoscere che il successo duraturo nasce dall\u2019integrazione dei fattori economici, sociali e ambientali, e superare un modello tradizionale focalizzato solo sulla performance a breve termine, ormai inadeguato al contesto globale.Creare valore condiviso \u00e8 la chiave per costruire [&hellip;]<\/p>\n","protected":false},"author":1,"featured_media":0,"parent":0,"menu_order":0,"comment_status":"closed","ping_status":"closed","template":"","meta":{"_et_pb_use_builder":"on","_et_pb_old_content":"<!-- wp:group {\"metadata\":{\"name\":\"Intro\",\"categories\":[\"about\"],\"patternName\":\"core\/intro-area-with-heading-and-image\"},\"align\":\"full\",\"className\":\"alignfull\",\"style\":{\"spacing\":{\"margin\":{\"top\":\"0\",\"bottom\":\"0\"}}},\"layout\":{\"type\":\"constrained\",\"justifyContent\":\"center\"}} -->\n<div class=\"wp-block-group alignfull\" style=\"margin-top:0;margin-bottom:0\"><!-- wp:spacer {\"height\":\"var:preset|spacing|20\"} -->\n<div style=\"height:var(--wp--preset--spacing--20)\" aria-hidden=\"true\" class=\"wp-block-spacer\"><\/div>\n<!-- \/wp:spacer -->\n\n<!-- wp:group {\"metadata\":{\"name\":\"Contents\"},\"align\":\"wide\",\"layout\":{\"type\":\"default\"}} -->\n<div class=\"wp-block-group alignwide\"><!-- wp:spacer {\"height\":\"var:preset|spacing|20\"} -->\n<div style=\"height:var(--wp--preset--spacing--20)\" aria-hidden=\"true\" class=\"wp-block-spacer\"><\/div>\n<!-- \/wp:spacer -->\n\n<!-- wp:image {\"id\":468,\"align\":\"full\",\"style\":{\"color\":{}}} -->\n<figure class=\"wp-block-image alignfull\"><img src=\"https:\/\/alessandramonaco.com\/wp-content\/uploads\/2025\/09\/16-1024x512.png\" alt=\"\" class=\"wp-image-468\"\/><\/figure>\n<!-- \/wp:image --><\/div>\n<!-- \/wp:group -->\n\n<!-- wp:spacer {\"height\":\"var:preset|spacing|20\"} -->\n<div style=\"height:var(--wp--preset--spacing--20)\" aria-hidden=\"true\" class=\"wp-block-spacer\"><\/div>\n<!-- \/wp:spacer --><\/div>\n<!-- \/wp:group -->\n\n<!-- wp:group {\"metadata\":{\"name\":\"Intro\",\"categories\":[\"about\"],\"patternName\":\"core\/intro-area-with-heading-and-image\"},\"align\":\"full\",\"className\":\"alignfull\",\"style\":{\"spacing\":{\"margin\":{\"top\":\"0\",\"bottom\":\"0\"}}},\"layout\":{\"type\":\"constrained\",\"justifyContent\":\"center\"}} -->\n<div class=\"wp-block-group alignfull\" style=\"margin-top:0;margin-bottom:0\"><!-- wp:spacer {\"height\":\"var:preset|spacing|20\"} -->\n<div style=\"height:var(--wp--preset--spacing--20)\" aria-hidden=\"true\" class=\"wp-block-spacer\"><\/div>\n<!-- \/wp:spacer --><\/div>\n<!-- \/wp:group -->\n\n<!-- wp:heading {\"textAlign\":\"center\",\"level\":1} -->\n<h1 class=\"wp-block-heading has-text-align-center\"><em><strong>Trasformiamo la sostenibilit\u00e0 in segno distintivo e valore duraturo<\/strong><\/em><\/h1>\n<!-- \/wp:heading -->\n\n<!-- wp:paragraph -->\n<p><\/p>\n<!-- \/wp:paragraph -->\n\n<!-- wp:separator -->\n<hr class=\"wp-block-separator has-alpha-channel-opacity\"\/>\n<!-- \/wp:separator -->\n\n<!-- wp:paragraph -->\n<p><\/p>\n<!-- \/wp:paragraph -->\n\n<!-- wp:paragraph -->\n<p><strong>FARE IMPRESA PER GENERARE VALORE CONDIVISO<\/strong><\/p>\n<!-- \/wp:paragraph -->\n\n<!-- wp:paragraph -->\n<p>Fare impresa oggi significa riconoscere che il successo duraturo nasce dall\u2019integrazione dei fattori economici, sociali e ambientali, e superare un modello tradizionale focalizzato solo sulla performance a breve termine, ormai inadeguato al contesto globale.<br>Creare valore condiviso \u00e8 la chiave per costruire imprese sostenibili, competitive e capaci di innovare, rispondendo in modo responsabile e anti-fragile alle sfide globali e locali.<br><\/p>\n<!-- \/wp:paragraph -->\n\n<!-- wp:paragraph -->\n<p><strong>OGNI ORGANIZZAZIONE HA IL POTERE DI FARE LA DIFFERENZA<\/strong><\/p>\n<!-- \/wp:paragraph -->\n\n<!-- wp:paragraph -->\n<p>Nel contesto mutevole e incerto in cui oggi ci troviamo ad operare, non basta reagire: serve progettare con coraggio un futuro diverso, gettando radici solide e immaginando strade nuove per crescita e impatto positivo.<\/p>\n<!-- \/wp:paragraph -->\n\n<!-- wp:paragraph -->\n<p><strong>Se anche tu desideri essere il motore del cambiamento, scopri come intraprendere un&nbsp;percorso di crescita sostenibile che unisca la responsabilit\u00e0 ambientale e sociale alla prosperit\u00e0 economica della tua impresa.<\/strong><\/p>\n<!-- \/wp:paragraph -->\n\n<!-- wp:buttons {\"layout\":{\"type\":\"flex\",\"justifyContent\":\"center\"}} -->\n<div class=\"wp-block-buttons\"><!-- wp:button {\"textAlign\":\"center\"} -->\n<div class=\"wp-block-button\"><a class=\"wp-block-button__link has-text-align-center wp-element-button\" href=\"https:\/\/alessandramonaco.com\/contatti\/\"><strong>CONTATTACI<\/strong><\/a><\/div>\n<!-- \/wp:button --><\/div>\n<!-- \/wp:buttons -->\n\n<!-- wp:paragraph -->\n<p><\/p>\n<!-- \/wp:paragraph -->\n\n<!-- wp:separator -->\n<hr class=\"wp-block-separator has-alpha-channel-opacity\"\/>\n<!-- \/wp:separator -->\n\n<!-- wp:group {\"layout\":{\"type\":\"flex\",\"flexWrap\":\"nowrap\"}} -->\n<div class=\"wp-block-group\"><!-- wp:media-text {\"mediaId\":599,\"mediaLink\":\"https:\/\/alessandramonaco.com\/home\/29-2\/\",\"linkDestination\":\"none\",\"mediaType\":\"image\"} -->\n<div class=\"wp-block-media-text is-stacked-on-mobile\"><figure class=\"wp-block-media-text__media\"><img src=\"https:\/\/alessandramonaco.com\/wp-content\/uploads\/2025\/09\/29-1-1024x1024.png\" alt=\"\" class=\"wp-image-599 size-full\"\/><\/figure><div class=\"wp-block-media-text__content\"><!-- wp:paragraph {\"placeholder\":\"Contenuto\u2026\"} -->\n<p><strong>CHI SIAMO<\/strong><br>La nostra boutique di consulenza indipendente porta concretezza, competitivit\u00e0, crescita nelle aziende attraverso la sostenibilit\u00e0.<br>Ci contraddistingue un approccio esclusivo all'accompagnamento dei nostri clienti: non siamo un semplice consulente esterno, ma un partner strategico capace di offrire alleanza, ascolto attento e impegno condiviso.<\/p>\n<!-- \/wp:paragraph -->\n\n<!-- wp:paragraph -->\n<p><\/p>\n<!-- \/wp:paragraph -->\n\n<!-- wp:buttons {\"layout\":{\"type\":\"flex\"}} -->\n<div class=\"wp-block-buttons\"><!-- wp:button {\"className\":\"is-style-outline\"} -->\n<div class=\"wp-block-button is-style-outline\"><a class=\"wp-block-button__link wp-element-button\" href=\"https:\/\/alessandramonaco.com\/chi-siamo\/\"><strong>SCOPRI LA NOSTRA STORIA<\/strong><\/a><\/div>\n<!-- \/wp:button --><\/div>\n<!-- \/wp:buttons --><\/div><\/div>\n<!-- \/wp:media-text --><\/div>\n<!-- \/wp:group -->\n\n<!-- wp:media-text {\"mediaPosition\":\"right\",\"mediaId\":600,\"mediaLink\":\"https:\/\/alessandramonaco.com\/home\/30-2\/\",\"mediaType\":\"image\"} -->\n<div class=\"wp-block-media-text has-media-on-the-right is-stacked-on-mobile\"><div class=\"wp-block-media-text__content\"><!-- wp:paragraph -->\n<p><strong>COSA FACCIAMO<\/strong><br>Accompagniamo i nostri clienti verso un'evoluzione sostenibile attraverso un'ampia gamma di servizi strategici e operativi:<\/p>\n<!-- \/wp:paragraph -->\n\n<!-- wp:list -->\n<ul class=\"wp-block-list\"><!-- wp:list-item -->\n<li>Consulenza strategica<\/li>\n<!-- \/wp:list-item -->\n\n<!-- wp:list-item -->\n<li>Analisi ESG<\/li>\n<!-- \/wp:list-item -->\n\n<!-- wp:list-item -->\n<li>Rendicontazione<\/li>\n<!-- \/wp:list-item -->\n\n<!-- wp:list-item -->\n<li>Formazione<\/li>\n<!-- \/wp:list-item -->\n\n<!-- wp:list-item -->\n<li>Temporary &amp; Fractional Management<\/li>\n<!-- \/wp:list-item -->\n\n<!-- wp:list-item -->\n<li>Certificazioni<\/li>\n<!-- \/wp:list-item --><\/ul>\n<!-- \/wp:list -->\n\n<!-- wp:buttons {\"layout\":{\"type\":\"flex\"}} -->\n<div class=\"wp-block-buttons\"><!-- wp:button {\"className\":\"is-style-outline\"} -->\n<div class=\"wp-block-button is-style-outline\"><a class=\"wp-block-button__link wp-element-button\" href=\"https:\/\/alessandramonaco.com\/servizi\/\"><strong>SFOGLIA I NOSTRI SERVIZI<\/strong><\/a><\/div>\n<!-- \/wp:button --><\/div>\n<!-- \/wp:buttons --><\/div><figure class=\"wp-block-media-text__media\"><img src=\"https:\/\/alessandramonaco.com\/wp-content\/uploads\/2025\/09\/30-1-1024x1024.png\" alt=\"\" class=\"wp-image-600 size-full\"\/><\/figure><\/div>\n<!-- \/wp:media-text -->\n\n<!-- wp:media-text {\"mediaId\":601,\"mediaLink\":\"https:\/\/alessandramonaco.com\/home\/31-2\/\",\"mediaType\":\"image\"} -->\n<div class=\"wp-block-media-text is-stacked-on-mobile\"><figure class=\"wp-block-media-text__media\"><img src=\"https:\/\/alessandramonaco.com\/wp-content\/uploads\/2025\/09\/31-1-1024x1024.png\" alt=\"\" class=\"wp-image-601 size-full\"\/><\/figure><div class=\"wp-block-media-text__content\"><!-- wp:paragraph {\"placeholder\":\"Contenuto\u2026\"} -->\n<p><strong>PERCH\u00c8 SCEGLIERE LA SOSTENIBILIT\u00c0?<\/strong><br>In un mondo che cambia velocemente e chiede responsabilit\u00e0 e visione, la sostenibilit\u00e0 non pu\u00f2 pi\u00f9 essere considerata un'opzione: \u00e8 piuttosto un percorso di eccellenza per le aziende che desiderano distinguersi e prosperare, senza compromessi etici. Integrare la sostenibilit\u00e0 significa godere di vantaggi concreti in un mercato sempre pi\u00f9 attento e selettivo.<br><\/p>\n<!-- \/wp:paragraph -->\n\n<!-- wp:buttons {\"layout\":{\"type\":\"flex\",\"justifyContent\":\"center\"}} -->\n<div class=\"wp-block-buttons\"><!-- wp:button {\"className\":\"is-style-outline\"} -->\n<div class=\"wp-block-button is-style-outline\"><a class=\"wp-block-button__link wp-element-button\" href=\"https:\/\/alessandramonaco.com\/perche\/\"><strong>SCOPRI I VANTAGGI<\/strong><\/a><\/div>\n<!-- \/wp:button --><\/div>\n<!-- \/wp:buttons --><\/div><\/div>\n<!-- \/wp:media-text -->\n\n<!-- wp:paragraph -->\n<p><\/p>\n<!-- \/wp:paragraph -->\n\n<!-- wp:pullquote -->\n<figure class=\"wp-block-pullquote\"><blockquote><p><strong>\"Un\u2019economia che prospera deve mettere al centro <\/strong><strong>i confini planetari e la giustizia sociale, creando uno spazio sicuro e giusto <\/strong><strong>in cui l\u2019umanit\u00e0 possa vivere e prosperare.\"<\/strong><\/p><cite><br>kate roworth<br>(<em>Doughnut Economics: Seven Ways to Think Like a 21st-Century Economist<\/em>)<\/cite><\/blockquote><\/figure>\n<!-- \/wp:pullquote -->","_et_gb_content_width":"","footnotes":""},"class_list":["post-236","page","type-page","status-publish","hentry"],"_links":{"self":[{"href":"https:\/\/alessandramonaco.com\/en\/wp-json\/wp\/v2\/pages\/236","targetHints":{"allow":["GET"]}}],"collection":[{"href":"https:\/\/alessandramonaco.com\/en\/wp-json\/wp\/v2\/pages"}],"about":[{"href":"https:\/\/alessandramonaco.com\/en\/wp-json\/wp\/v2\/types\/page"}],"author":[{"embeddable":true,"href":"https:\/\/alessandramonaco.com\/en\/wp-json\/wp\/v2\/users\/1"}],"replies":[{"embeddable":true,"href":"https:\/\/alessandramonaco.com\/en\/wp-json\/wp\/v2\/comments?post=236"}],"version-history":[{"count":69,"href":"https:\/\/alessandramonaco.com\/en\/wp-json\/wp\/v2\/pages\/236\/revisions"}],"predecessor-version":[{"id":736,"href":"https:\/\/alessandramonaco.com\/en\/wp-json\/wp\/v2\/pages\/236\/revisions\/736"}],"wp:attachment":[{"href":"https:\/\/alessandramonaco.com\/en\/wp-json\/wp\/v2\/media?parent=236"}],"curies":[{"name":"wp","href":"https:\/\/api.w.org\/{rel}","templated":true}]}}