{"id":39,"date":"2025-08-24T17:00:57","date_gmt":"2025-08-24T16:00:57","guid":{"rendered":"https:\/\/alessandramonaco.com\/?page_id=39"},"modified":"2026-03-08T21:34:52","modified_gmt":"2026-03-08T20:34:52","slug":"su-di-me","status":"publish","type":"page","link":"https:\/\/alessandramonaco.com\/en\/su-di-me\/","title":{"rendered":"About Me"},"content":{"rendered":"<p>[et_pb_section fb_built=&#8221;1&#8243; _builder_version=&#8221;4.16&#8243; global_colors_info=&#8221;{}&#8221;][et_pb_row _builder_version=&#8221;4.16&#8243; background_size=&#8221;initial&#8221; background_position=&#8221;top_left&#8221; background_repeat=&#8221;repeat&#8221; custom_padding=&#8221;0px||0px|||&#8221; global_colors_info=&#8221;{}&#8221;][et_pb_column type=&#8221;4_4&#8243; _builder_version=&#8221;4.16&#8243; custom_padding=&#8221;|||&#8221; global_colors_info=&#8221;{}&#8221; custom_padding__hover=&#8221;|||&#8221;][et_pb_image src=&#8221;https:\/\/alessandramonaco.com\/wp-content\/uploads\/2025\/09\/3.png&#8221; title_text=&#8221;3&#8243; align=&#8221;center&#8221; force_fullwidth=&#8221;on&#8221; _builder_version=&#8221;4.27.6&#8243; _module_preset=&#8221;default&#8221; min_height=&#8221;273.3px&#8221; global_colors_info=&#8221;{}&#8221;][\/et_pb_image][et_pb_text _builder_version=&#8221;4.27.6&#8243; _module_preset=&#8221;default&#8221; min_height=&#8221;502px&#8221; custom_padding=&#8221;||0px|||&#8221; global_colors_info=&#8221;{}&#8221;]<\/p>\n<p>Sono <strong><a href=\"https:\/\/www.linkedin.com\/in\/monacoalessandra\">Alessandra Monaco<\/a><\/strong> e sono la fondatrice e titolare della <em>Alessandra Monaco Consulting<\/em>.<\/p>\n<p>Ho lavorato per oltre 17 anni in ambito internazionale nel settore Luxury &amp; Fashion, dove ho sviluppato una visione profonda e sistemica lungo tutta la catena del valore, una conoscenza approfondita degli scenari sia globali che locali, e una solida esperienza maturata operando in contesti complessi e in continua evoluzione.\u00a0<\/p>\n<p>Il mio interesse per la sostenibilit\u00e0 \u00e8 nato nel 2009, quando mi sono avvicinata alla certificazione SA8000 e ho capito che si poteva fare impresa in modo etico, senza rinunciare al profitto. Da allora, questa passione \u00e8 diventata il mio percorso professionale: negli anni ho consolidato competenze attraverso certificazioni, progetti e partnership, fino a fondare la mia societ\u00e0.<\/p>\n<p>Oggi opero come consulente e advisor di sostenibilit\u00e0 e propongo <strong>un approccio pragmatico e imprenditoriale<\/strong>, che mette al centro non solo la responsabilit\u00e0 sociale e ambientale, ma anche la prosperit\u00e0 economica e la continuit\u00e0 delle imprese, con l\u2019obiettivo di generare valore duraturo e condiviso.<\/p>\n<p>La scelta di diventare <em>solopreneur<\/em> nasce dalla volont\u00e0 di mettere al centro l\u2019autenticit\u00e0 del rapporto con i clienti, offrendo una consulenza indipendente, personalizzata e profondamente umana. Il mio lavoro \u00e8 una combinazione di rigore professionale e coraggio creativo: accompagno le imprese in percorsi di trasformazione che rispettano la loro unicit\u00e0, stimolano l\u2019innovazione e promuovono un impatto positivo.\u00a0<\/p>\n<p>Sono convinta che consulenza voglia dire <strong>alleanza, ascolto attento e impegno condiviso<\/strong> verso un futuro pi\u00f9 sostenibile e giusto.<\/p>\n<p><!-- \/divi:paragraph --><!-- divi:paragraph --><!-- \/divi:paragraph --><!-- divi:paragraph --><!-- \/divi:paragraph --><!-- divi:paragraph --><!-- \/divi:paragraph --><!-- divi:paragraph --><\/p>\n<p>&nbsp;<\/p>\n<p><!-- \/divi:paragraph --><!-- divi:paragraph -->[\/et_pb_text][et_pb_divider _builder_version=&#8221;4.27.6&#8243; _module_preset=&#8221;default&#8221; global_colors_info=&#8221;{}&#8221;][\/et_pb_divider][et_pb_text _builder_version=&#8221;4.27.6&#8243; _module_preset=&#8221;default&#8221; global_colors_info=&#8221;{}&#8221;]<\/p>\n<p><strong>AFFILIAZIONI<\/strong><\/p>\n<ul>\n<li><span><a href=\"https:\/\/hse-ticino.ch\"><strong>HSE Ticino<\/strong><\/a> &#8211; Membro del comitato direttivo in qualit\u00e0 di referente per la sostenibilit\u00e0<\/span><\/li>\n<li><span><a href=\"https:\/\/ucit.ch\"><strong>UCIT<\/strong><\/a> &#8211; Membro del comitato direttivo in qualit\u00e0 di referente per la sostenibilit\u00e0<\/span><\/li>\n<li><span><a href=\"https:\/\/concernedresearchers.org\"><strong>Union of Concerned Researchers in Fashion<\/strong><\/a> &#8211; Membro associato<\/span><\/li>\n<li><span><a href=\"https:\/\/www.meindschungel.ch\/trovare-ambasciatori\/\"><strong>SUP Svizzera<\/strong><\/a> &#8211; Ambasciatrice<\/span><span><\/span><\/li>\n<\/ul>\n<p><span><\/span><\/p>\n<p>[\/et_pb_text][et_pb_divider _builder_version=&#8221;4.27.6&#8243; _module_preset=&#8221;default&#8221; global_colors_info=&#8221;{}&#8221;][\/et_pb_divider][et_pb_text _builder_version=&#8221;4.27.6&#8243; _module_preset=&#8221;default&#8221; global_colors_info=&#8221;{}&#8221;]<\/p>\n<p><strong>SE CERCHI UNA PERSONA CAPACE DI INTEGRARE LA SOSTENIBILIT\u00c0 NEI TUOI BISOGNI DI IMPRENDITORE, <br \/>SEI NEL POSTO GIUSTO!<\/strong><\/p>\n<p>[\/et_pb_text][\/et_pb_column][\/et_pb_row][et_pb_row _builder_version=&#8221;4.27.6&#8243; _module_preset=&#8221;default&#8221; hover_enabled=&#8221;0&#8243; global_colors_info=&#8221;{}&#8221; custom_padding=&#8221;34px||||false|false&#8221; custom_margin=&#8221;12px|auto||auto||&#8221; min_height=&#8221;29px&#8221; sticky_enabled=&#8221;0&#8243;][et_pb_column type=&#8221;4_4&#8243; _builder_version=&#8221;4.27.6&#8243; _module_preset=&#8221;default&#8221; global_colors_info=&#8221;{}&#8221;][et_pb_button button_url=&#8221;@ET-DC@eyJkeW5hbWljIjp0cnVlLCJjb250ZW50IjoicG9zdF9saW5rX3VybF9wYWdlIiwic2V0dGluZ3MiOnsicG9zdF9pZCI6IjE0In19@&#8221; button_text=&#8221;CONTATTACI&#8221; button_alignment=&#8221;center&#8221; _builder_version=&#8221;4.27.6&#8243; _dynamic_attributes=&#8221;button_url&#8221; _module_preset=&#8221;default&#8221; global_colors_info=&#8221;{}&#8221;][\/et_pb_button][\/et_pb_column][\/et_pb_row][et_pb_row _builder_version=&#8221;4.27.6&#8243; _module_preset=&#8221;default&#8221; column_structure=&#8221;1_2,1_2&#8243; custom_padding=&#8221;0px|||||&#8221;][et_pb_column _builder_version=&#8221;4.27.6&#8243; _module_preset=&#8221;default&#8221; type=&#8221;1_2&#8243;][et_pb_icon font_icon=&#8221;&#x3c;||divi||400&#8243; icon_width=&#8221;34px&#8221; url=&#8221;@ET-DC@eyJkeW5hbWljIjp0cnVlLCJjb250ZW50IjoicG9zdF9saW5rX3VybF9wYWdlIiwic2V0dGluZ3MiOnsicG9zdF9pZCI6IjEyIn19@&#8221; _builder_version=&#8221;4.27.6&#8243; _dynamic_attributes=&#8221;url&#8221; _module_preset=&#8221;default&#8221; hover_enabled=&#8221;0&#8243; global_colors_info=&#8221;{}&#8221; align=&#8221;left&#8221; sticky_enabled=&#8221;0&#8243;][\/et_pb_icon][\/et_pb_column][et_pb_column _builder_version=&#8221;4.27.6&#8243; _module_preset=&#8221;default&#8221; type=&#8221;1_2&#8243;][et_pb_icon font_icon=&#8221;&#x3d;||divi||400&#8243; icon_width=&#8221;34px&#8221; url=&#8221;@ET-DC@eyJkeW5hbWljIjp0cnVlLCJjb250ZW50IjoicG9zdF9saW5rX3VybF9wYWdlIiwic2V0dGluZ3MiOnsicG9zdF9pZCI6IjQwIn19@&#8221; _builder_version=&#8221;4.27.6&#8243; _dynamic_attributes=&#8221;url&#8221; _module_preset=&#8221;default&#8221; hover_enabled=&#8221;0&#8243; global_colors_info=&#8221;{}&#8221; align=&#8221;right&#8221; sticky_enabled=&#8221;0&#8243;][\/et_pb_icon][\/et_pb_column][\/et_pb_row][\/et_pb_section]<\/p>\n","protected":false},"excerpt":{"rendered":"<p>Sono Alessandra Monaco e sono la fondatrice e titolare della Alessandra Monaco Consulting. Ho lavorato per oltre 17 anni in ambito internazionale nel settore Luxury &amp; Fashion, dove ho sviluppato una visione profonda e sistemica lungo tutta la catena del valore, una conoscenza approfondita degli scenari sia globali che locali, e una solida esperienza maturata [&hellip;]<\/p>\n","protected":false},"author":1,"featured_media":0,"parent":0,"menu_order":0,"comment_status":"closed","ping_status":"closed","template":"","meta":{"_et_pb_use_builder":"on","_et_pb_old_content":"<!-- wp:image {\"id\":510,\"sizeSlug\":\"large\",\"linkDestination\":\"none\",\"style\":{\"color\":{\"duotone\":\"unset\"}}} -->\n<figure class=\"wp-block-image size-large\"><img src=\"https:\/\/alessandramonaco.com\/wp-content\/uploads\/2025\/09\/3-1024x512.png\" alt=\"\" class=\"wp-image-510\"\/><\/figure>\n<!-- \/wp:image -->\n\n<!-- wp:paragraph -->\n<p><\/p>\n<!-- \/wp:paragraph -->\n\n<!-- wp:paragraph -->\n<p>Sono <strong><a href=\"https:\/\/www.linkedin.com\/in\/monacoalessandra\">Alessandra Monaco<\/a><\/strong> e sono la fondatrice e titolare della <em>Alessandra Monaco Consulting<\/em>.<\/p>\n<!-- \/wp:paragraph -->\n\n<!-- wp:paragraph -->\n<p>Ho lavorato per oltre 17 anni in ambito internazionale nel settore Luxury &amp; Fashion, dove ho sviluppato una visione profonda e sistemica lungo tutta la catena del valore, una conoscenza approfondita degli scenari sia globali che locali, e una solida esperienza maturata operando in contesti complessi e in continua evoluzione.&nbsp;<\/p>\n<!-- \/wp:paragraph -->\n\n<!-- wp:paragraph -->\n<p>Il mio interesse per la sostenibilit\u00e0 \u00e8 nato nel 2009, quando mi sono avvicinata alla certificazione SA8000 e ho capito che si poteva fare impresa in modo etico, senza rinunciare al profitto. Da allora, questa passione \u00e8 diventata il mio percorso professionale: negli anni ho consolidato competenze attraverso certificazioni, progetti e partnership, fino a fondare la mia societ\u00e0.<\/p>\n<!-- \/wp:paragraph -->\n\n<!-- wp:paragraph -->\n<p>Oggi opero come consulente e advisor di sostenibilit\u00e0 e propongo <strong>un approccio pragmatico e imprenditoriale<\/strong>, che mette al centro non solo la responsabilit\u00e0 sociale e ambientale, ma anche la prosperit\u00e0 economica e la continuit\u00e0 delle imprese, con l\u2019obiettivo di generare valore duraturo e condiviso.<\/p>\n<!-- \/wp:paragraph -->\n\n<!-- wp:paragraph -->\n<p>La scelta di diventare <em>solopreneur<\/em> nasce dalla volont\u00e0 di mettere al centro l\u2019autenticit\u00e0 del rapporto con i clienti, offrendo una consulenza indipendente, personalizzata e profondamente umana. Il mio lavoro \u00e8 una combinazione di rigore professionale e coraggio creativo: accompagno le imprese in percorsi di trasformazione che rispettano la loro unicit\u00e0, stimolano l\u2019innovazione e promuovono un impatto positivo.&nbsp;<\/p>\n<!-- \/wp:paragraph -->\n\n<!-- wp:paragraph -->\n<p>Sono convinta che consulenza voglia dire <strong>alleanza, ascolto attento e impegno condiviso<\/strong> verso un futuro pi\u00f9 sostenibile e giusto.<\/p>\n<!-- \/wp:paragraph -->\n\n<!-- wp:paragraph -->\n<p><\/p>\n<!-- \/wp:paragraph -->\n\n<!-- wp:separator -->\n<hr class=\"wp-block-separator has-alpha-channel-opacity\"\/>\n<!-- \/wp:separator -->\n\n<!-- wp:paragraph -->\n<p><\/p>\n<!-- \/wp:paragraph -->\n\n<!-- wp:paragraph {\"align\":\"center\"} -->\n<p class=\"has-text-align-center\"><strong>SE CERCHI UNA PERSONA CAPACE DI INTEGRARE LA SOSTENIBILIT\u00c0 NEI TUOI BISOGNI DI IMPRENDITORE, <br>SEI NEL POSTO GIUSTO!<\/strong><br><\/p>\n<!-- \/wp:paragraph -->\n\n<!-- wp:buttons {\"layout\":{\"type\":\"flex\",\"justifyContent\":\"right\"}} -->\n<div class=\"wp-block-buttons\"><!-- wp:button {\"className\":\"is-style-fill\"} -->\n<div class=\"wp-block-button is-style-fill\"><a class=\"wp-block-button__link wp-element-button\" href=\"https:\/\/alessandramonaco.com\/contatti\/\"><strong>CONTATTACI<\/strong><\/a><\/div>\n<!-- \/wp:button --><\/div>\n<!-- \/wp:buttons -->","_et_gb_content_width":"","footnotes":""},"class_list":["post-39","page","type-page","status-publish","hentry"],"_links":{"self":[{"href":"https:\/\/alessandramonaco.com\/en\/wp-json\/wp\/v2\/pages\/39","targetHints":{"allow":["GET"]}}],"collection":[{"href":"https:\/\/alessandramonaco.com\/en\/wp-json\/wp\/v2\/pages"}],"about":[{"href":"https:\/\/alessandramonaco.com\/en\/wp-json\/wp\/v2\/types\/page"}],"author":[{"embeddable":true,"href":"https:\/\/alessandramonaco.com\/en\/wp-json\/wp\/v2\/users\/1"}],"replies":[{"embeddable":true,"href":"https:\/\/alessandramonaco.com\/en\/wp-json\/wp\/v2\/comments?post=39"}],"version-history":[{"count":20,"href":"https:\/\/alessandramonaco.com\/en\/wp-json\/wp\/v2\/pages\/39\/revisions"}],"predecessor-version":[{"id":779,"href":"https:\/\/alessandramonaco.com\/en\/wp-json\/wp\/v2\/pages\/39\/revisions\/779"}],"wp:attachment":[{"href":"https:\/\/alessandramonaco.com\/en\/wp-json\/wp\/v2\/media?parent=39"}],"curies":[{"name":"wp","href":"https:\/\/api.w.org\/{rel}","templated":true}]}}